{"id":294,"date":"2023-02-03T13:20:01","date_gmt":"2023-02-03T05:20:01","guid":{"rendered":"http:\/\/www.tonglinglinen.com\/?page_id=294"},"modified":"2023-02-17T14:25:39","modified_gmt":"2023-02-17T06:25:39","slug":"historia-del-lino","status":"publish","type":"page","link":"https:\/\/www.tonglinglinen.com\/es\/historia-del-lino\/","title":{"rendered":"historia de lino"},"content":{"rendered":"<p>El ciclo de vida de un cultivo de lino es de 100 d\u00edas,<br \/>\nCondensado el pensamiento y la observaci\u00f3n del cultivador.<br \/>\nSi esta fibra no tiene futuro, ninguna fibra tiene futuro.<br \/>\n\u2014\u2014&quot;Ser Lino&quot; CELC<\/p>\n<p>\u00bfQui\u00e9n soy?<br \/>\nMe metieron en un hoyo en el suelo,<br \/>\nMe sacan del agua,<br \/>\nMe volvieron a poner en agua,<br \/>\nme queman los huesos,<br \/>\nme secan,<br \/>\nme golpearon,<br \/>\nsirvo en la mesa de un noble,<br \/>\nLo acompa\u00f1o desde el nacimiento hasta la muerte.<\/p>\n<p>&quot;Materia Prima: Semilla ~ Fibra&quot;<\/p>\n<p>\u00bfD\u00f3nde crece el mejor lino?<br \/>\n\u201cApegado a la tierra pero abierto al mundo\u201d, es el hilo conductor de la historia europea del lino. De Riga a Belfast, de Courtrai a Venecia, de Saint Malo a C\u00e1diz, de Lille a Mil\u00e1n, influye en los mercados de todo el mundo, pero tambi\u00e9n es sin\u00f3nimo de un arte de vivir t\u00edpico europeo. 68% de la producci\u00f3n mundial de telas de lino proviene de suelo europeo.<\/p>\n<p>Desde la investigaci\u00f3n y el desarrollo de especies, todo el proceso de control de plantaci\u00f3n, el desarrollo de maquinaria agr\u00edcola, la tecnolog\u00eda profesional del lino... desde la cr\u00eda hasta la plantaci\u00f3n y el lino, la cooperaci\u00f3n entre profesionales de alto nivel ha condensado la sabidur\u00eda y la experiencia de varias generaciones, que nunca ha sido intermitente, por lo que es imposible que se replique en otras partes del mundo. EUROPEAN FLAX se ha convertido en sin\u00f3nimo de la principal producci\u00f3n y calidad de fibra de lino del mundo. Se ha convertido en productores de renombre mundial y proveedores de materias primas como Terre de lin \/ The Land of Flax, Albert Brille NV \/ Pey Group, \u00a1y se ha convertido en la raz\u00f3n m\u00e1s fuerte de nuestra primera elecci\u00f3n! A partir de EUROPEAN FLAX\u00ae, que es completamente rastreable y certificado, confiamos en que lentamente comenzaremos a servir a los clientes con excelentes materiales y ayudaremos a m\u00e1s consumidores a disfrutar de un lino sostenible, rastreable, de alta calidad, innovador y \u00fanico.<\/p>\n<p>&quot;Una semilla antigua, el germen de su vida est\u00e1 escondido en su interior, pero necesita ser sembrado en el suelo de la nueva era.<br \/>\n-Tagore<\/p>\n<div id=\"gtx-trans\" style=\"position: absolute; left: 183px; top: 48px;\">\n<div class=\"gtx-trans-icon\">\u00a0<\/div>\n<\/div>","protected":false},"excerpt":{"rendered":"<p>El ciclo de vida de un cultivo de lino es de 100 d\u00edas, condensando el pensamiento y la observaci\u00f3n del cultivador. Si esta fibra no tiene futuro, ninguna fibra lo tiene. \u2014\u2014&quot;S\u00e9 Lino&quot; CELC \u00bfQui\u00e9n soy? Me pusieron en un hoyo en la tierra, me sacaron del agua, me devolvieron a [\u2026]<\/p>","protected":false},"author":1,"featured_media":0,"parent":0,"menu_order":0,"comment_status":"closed","ping_status":"closed","template":"page\/linen-story.php","meta":[],"_links":{"self":[{"href":"https:\/\/www.tonglinglinen.com\/es\/wp-json\/wp\/v2\/pages\/294"}],"collection":[{"href":"https:\/\/www.tonglinglinen.com\/es\/wp-json\/wp\/v2\/pages"}],"about":[{"href":"https:\/\/www.tonglinglinen.com\/es\/wp-json\/wp\/v2\/types\/page"}],"author":[{"embeddable":true,"href":"https:\/\/www.tonglinglinen.com\/es\/wp-json\/wp\/v2\/users\/1"}],"replies":[{"embeddable":true,"href":"https:\/\/www.tonglinglinen.com\/es\/wp-json\/wp\/v2\/comments?post=294"}],"version-history":[{"count":4,"href":"https:\/\/www.tonglinglinen.com\/es\/wp-json\/wp\/v2\/pages\/294\/revisions"}],"predecessor-version":[{"id":329,"href":"https:\/\/www.tonglinglinen.com\/es\/wp-json\/wp\/v2\/pages\/294\/revisions\/329"}],"wp:attachment":[{"href":"https:\/\/www.tonglinglinen.com\/es\/wp-json\/wp\/v2\/media?parent=294"}],"curies":[{"name":"wp","href":"https:\/\/api.w.org\/{rel}","templated":true}]}}